{"id":8823,"date":"2021-04-27T13:05:50","date_gmt":"2021-04-27T11:05:50","guid":{"rendered":"https:\/\/www.teatrotatro.sk\/contact\/"},"modified":"2021-04-27T13:06:32","modified_gmt":"2021-04-27T11:06:32","slug":"contact","status":"publish","type":"page","link":"https:\/\/www.teatrotatro.sk\/en\/contact\/","title":{"rendered":"Contact"},"content":{"rendered":"<section class=\"l-section wpb_row us_custom_d1b72e3f height_small width_full\"><div class=\"l-section-h i-cf\"><div class=\"g-cols vc_row type_default valign_top\"><div class=\"vc_col-sm-12 wpb_column vc_column_container\"><div class=\"vc_column-inner\"><div class=\"wpb_wrapper\"><div class=\"w-slider style_none fit_cover\"><div class=\"w-slider-h\"><div class=\"royalSlider\"><div class=\"rsContent\"><a class=\"rsImg\" data-rsw=\"1024\" data-rsh=\"256\" href=\"https:\/\/www.teatrotatro.sk\/wp-content\/uploads\/2021\/02\/KONTAKT_banner-1024x256.jpg\"><span data-alt=\"\"><\/span><\/a><\/div><\/div><img src=\"https:\/\/www.teatrotatro.sk\/wp-content\/uploads\/2021\/02\/KONTAKT_banner-1024x256.jpg\" width=\"1024\" height=\"256\" alt loading=\"lazy\"><\/div><div class=\"w-slider-json\" onclick='return {&quot;loop&quot;:true,&quot;fadeInLoadedSlide&quot;:false,&quot;slidesSpacing&quot;:0,&quot;imageScalePadding&quot;:0,&quot;numImagesToPreload&quot;:2,&quot;arrowsNav&quot;:true,&quot;arrowsNavAutoHide&quot;:false,&quot;transitionType&quot;:&quot;move&quot;,&quot;transitionSpeed&quot;:300,&quot;block&quot;:{&quot;moveEffect&quot;:&quot;none&quot;,&quot;speed&quot;:300},&quot;controlNavigation&quot;:&quot;none&quot;,&quot;imageScaleMode&quot;:&quot;fill&quot;,&quot;autoScaleSlider&quot;:true,&quot;autoScaleSliderWidth&quot;:1024,&quot;autoScaleSliderHeight&quot;:256,&quot;fitInViewport&quot;:false}'><\/div><\/div><\/div><\/div><\/div><\/div><\/div><\/section><section class=\"l-section wpb_row height_auto with_img\"><div class=\"l-section-img\" style=\"background-image: url(https:\/\/www.teatrotatro.sk\/wp-content\/uploads\/2021\/03\/BACKGROUND_HOME_PAGE.jpg);background-position: center right;background-repeat: no-repeat;background-size: contain;\" data-img-width=\"1800\" data-img-height=\"1500\"><\/div><div class=\"l-section-h i-cf\"><div class=\"g-cols vc_row type_boxes valign_top\"><div class=\"vc_col-sm-12 wpb_column vc_column_container\"><div class=\"vc_column-inner\"><div class=\"wpb_wrapper\"><div class=\"wpb_text_column\" ><div class=\"wpb_wrapper\"><h1 style=\"text-align: left;\">Contact<\/h1>\n<\/div><\/div><div class=\"w-separator size_medium\"><\/div><div class=\"w-iconbox iconpos_left style_default color_primary align_left\"><div class=\"w-iconbox-icon\" style=\"font-size:1.5rem;\"><i class=\"far fa-users\"><\/i><\/div><div class=\"w-iconbox-meta\"><div class=\"w-iconbox-title\" style=\"font-size:1.2rem;\">TEATRO TATRO Association<\/div><div class=\"w-iconbox-text\"><p><strong><br \/>\n<\/strong>Nov\u00e1 8, 949 01 Nitra<br \/>\nBusiness ID: 17151180<br \/>\nTax ID: 2021205164<br \/>\nVAT reg. no.: SK2021205164<br \/>\n<strong>teatrotatro@teatrotatro.sk<\/strong><\/p>\n<\/div><\/div><\/div><div class=\"w-separator size_medium\"><\/div><div class=\"w-iconbox iconpos_left style_default color_primary align_left\"><div class=\"w-iconbox-icon\" style=\"font-size:1.5rem;\"><i class=\"far fa-envelope\"><\/i><\/div><div class=\"w-iconbox-meta\"><div class=\"w-iconbox-title\" style=\"font-size:1.2rem;\">Postal address<\/div><div class=\"w-iconbox-text\"><p><strong><br \/>\n<\/strong>Teatro Tatro<br \/>\nN\u00e1rodn\u00e1 7<br \/>\n974 01 Bansk\u00e1 Bystrica<br \/>\n<strong>mana@mana.sk<\/strong><\/p>\n<p><strong>+421 905 265 947<br \/>\n+421 48 412 4007<br \/>\n<\/strong><\/p>\n<\/div><\/div><\/div><\/div><\/div><\/div><\/div><\/div><\/section>\n","protected":false},"excerpt":{"rendered":"Contact TEATRO TATRO Association Nov\u00e1 8, 949 01 Nitra Business ID: 17151180 Tax ID: 2021205164 VAT reg. no.: SK2021205164 teatrotatro@teatrotatro.sk Postal address Teatro Tatro N\u00e1rodn\u00e1 7 974 01 Bansk\u00e1 Bystrica mana@mana.sk +421 905 265 947 +421 48 412 4007","protected":false},"author":1,"featured_media":8773,"parent":0,"menu_order":0,"comment_status":"closed","ping_status":"closed","template":"","meta":{"_monsterinsights_skip_tracking":false,"_monsterinsights_sitenote_active":false,"_monsterinsights_sitenote_note":"","_monsterinsights_sitenote_category":0},"_links":{"self":[{"href":"https:\/\/www.teatrotatro.sk\/en\/wp-json\/wp\/v2\/pages\/8823"}],"collection":[{"href":"https:\/\/www.teatrotatro.sk\/en\/wp-json\/wp\/v2\/pages"}],"about":[{"href":"https:\/\/www.teatrotatro.sk\/en\/wp-json\/wp\/v2\/types\/page"}],"author":[{"embeddable":true,"href":"https:\/\/www.teatrotatro.sk\/en\/wp-json\/wp\/v2\/users\/1"}],"replies":[{"embeddable":true,"href":"https:\/\/www.teatrotatro.sk\/en\/wp-json\/wp\/v2\/comments?post=8823"}],"version-history":[{"count":6,"href":"https:\/\/www.teatrotatro.sk\/en\/wp-json\/wp\/v2\/pages\/8823\/revisions"}],"predecessor-version":[{"id":8830,"href":"https:\/\/www.teatrotatro.sk\/en\/wp-json\/wp\/v2\/pages\/8823\/revisions\/8830"}],"wp:featuredmedia":[{"embeddable":true,"href":"https:\/\/www.teatrotatro.sk\/en\/wp-json\/wp\/v2\/media\/8773"}],"wp:attachment":[{"href":"https:\/\/www.teatrotatro.sk\/en\/wp-json\/wp\/v2\/media?parent=8823"}],"curies":[{"name":"wp","href":"https:\/\/api.w.org\/{rel}","templated":true}]}}