{"id":8880,"date":"2021-04-27T19:52:34","date_gmt":"2021-04-27T17:52:34","guid":{"rendered":"https:\/\/www.teatrotatro.sk\/repertory\/"},"modified":"2021-04-27T19:52:35","modified_gmt":"2021-04-27T17:52:35","slug":"repertory","status":"publish","type":"page","link":"https:\/\/www.teatrotatro.sk\/en\/repertory\/","title":{"rendered":"Repertory"},"content":{"rendered":"<section class=\"l-section wpb_row us_custom_c2f20314 height_small width_full\"><div class=\"l-section-h i-cf\"><div class=\"g-cols vc_row type_default valign_top\"><div class=\"vc_col-sm-12 wpb_column vc_column_container\"><div class=\"vc_column-inner\"><div class=\"wpb_wrapper\"><div class=\"w-slider style_none fit_cover\"><div class=\"w-slider-h\"><div class=\"royalSlider\"><div class=\"rsContent\"><a class=\"rsImg\" data-rsw=\"1024\" data-rsh=\"256\" href=\"https:\/\/www.teatrotatro.sk\/wp-content\/uploads\/2021\/02\/FOTO_01_slide-1024x256.jpg\"><span data-alt=\"\"><\/span><\/a><\/div><\/div><img src=\"https:\/\/www.teatrotatro.sk\/wp-content\/uploads\/2021\/02\/FOTO_01_slide-1024x256.jpg\" width=\"1024\" height=\"256\" alt loading=\"lazy\"><\/div><div class=\"w-slider-json\" onclick='return {&quot;loop&quot;:true,&quot;fadeInLoadedSlide&quot;:false,&quot;slidesSpacing&quot;:0,&quot;imageScalePadding&quot;:0,&quot;numImagesToPreload&quot;:2,&quot;arrowsNav&quot;:true,&quot;arrowsNavAutoHide&quot;:false,&quot;transitionType&quot;:&quot;move&quot;,&quot;transitionSpeed&quot;:300,&quot;block&quot;:{&quot;moveEffect&quot;:&quot;none&quot;,&quot;speed&quot;:300},&quot;controlNavigation&quot;:&quot;none&quot;,&quot;imageScaleMode&quot;:&quot;fill&quot;,&quot;autoScaleSlider&quot;:true,&quot;autoScaleSliderWidth&quot;:1024,&quot;autoScaleSliderHeight&quot;:256,&quot;fitInViewport&quot;:false}'><\/div><\/div><\/div><\/div><\/div><\/div><\/div><\/section><section class=\"l-section wpb_row height_auto\"><div class=\"l-section-h i-cf\"><div class=\"g-cols vc_row type_boxes valign_top\"><div class=\"vc_col-sm-12 wpb_column vc_column_container has_text_color animate_afl\" style=\"animation-delay:1s\"><div class=\"vc_column-inner us_custom_ef794674\"><div class=\"wpb_wrapper\"><div class=\"wpb_text_column\" ><div class=\"wpb_wrapper\"><h1 style=\"text-align: left;\"><span style=\"color: #333333;\">Master and Margarita<\/span><\/h1>\n<\/div><\/div><\/div><\/div><\/div><div class=\"vc_col-sm-8 wpb_column vc_column_container\"><div class=\"vc_column-inner\"><div class=\"wpb_wrapper\"><div class=\"wpb_text_column\" ><div class=\"wpb_wrapper\"><p><strong>Autor predlohy:<\/strong> Michail Bulgakov<br \/>\n<strong>Adapt\u00e1cia rom\u00e1nu, scen\u00e1r a r\u00e9\u017eia:<\/strong> Ondrej Spi\u0161\u00e1k<br \/>\n<strong>Sc\u00e9nograf:<\/strong> Franti\u0161ek Lipt\u00e1k<br \/>\n<strong>Realiz\u00e1cia sc\u00e9ny:<\/strong> Peter Kostro\u0148<br \/>\n<strong>Kost\u00fdmy:<\/strong> Katar\u00edna Holl\u00e1<br \/>\n<strong>Hudba:<\/strong> Andrej Kalinka<br \/>\n<strong>B\u00e1bky:<\/strong> Karel Czech<br \/>\n<strong>Tie\u0148ov\u00e9 b\u00e1bky:<\/strong> Jana Kone\u010dn\u00e1<br \/>\n<strong>Masky:<\/strong> Martin Blizniak<br \/>\n<strong>V\u00fdtvarn\u00e1 spolupr\u00e1ca:<\/strong> Zuzana Form\u00e1nkov\u00e1<br \/>\n<strong>Produkcia:<\/strong> Mana, s. r. o. Bansk\u00e1 Bystrica<br \/>\n<strong>Technick\u00e1 spolupr\u00e1ca:<\/strong> Radoslav \u0160ab\u00edk, Peter Kostro\u0148, Michal Juh\u00e1s, Ladislav Boro\u0161<br \/>\n<strong>\u00da\u010dinkuj\u00fa:<\/strong> Luk\u00e1\u0161 Latin\u00e1k, R\u00f3bert Jakab, Mari\u00e1n Miezga, Lukasz Kos, Milan Ondr\u00edk, Peter Oszl\u00edk, Zuzana Kone\u010dn\u00e1, Ag\u00e1ta Spi\u0161\u00e1kov\u00e1, Rudo Kratochv\u00edl, Martin Nah\u00e1lka, Milan Vojtela, \u0160imon Spi\u0161\u00e1k, Martin \u0160alacha, Andrej Kalinka, Lucia Koren\u00e1 a Ondrej Spi\u0161\u00e1k<\/p>\n<\/div><\/div><\/div><\/div><\/div><div class=\"vc_col-sm-4 wpb_column vc_column_container\"><div class=\"vc_column-inner\"><div class=\"wpb_wrapper\"><div class=\"w-video align_left ratio_16x9 with_overlay\" style=\"background-image:url();\"><div class=\"w-video-h\"><script type=\"us-template\/html\"><iframe src=\"\/\/www.youtube.com\/embed\/XuWr9gJa6P0?autoplay=1&controls=1&origin=https%3A%2F%2Fwww.teatrotatro.sk&playlist=XuWr9gJa6P0\" allowfullscreen=\"1\"><\/iframe><\/script><\/div><div class=\"w-video-icon\" style=\"font-size:1.5rem;background:rgba(0,0,0,0.5);color:#fff;\"><\/div><\/div><\/div><\/div><\/div><div class=\"vc_col-sm-12 wpb_column vc_column_container\"><div class=\"vc_column-inner us_custom_211213a6\"><div class=\"wpb_wrapper\"><div class=\"wpb_text_column\" ><div class=\"wpb_wrapper\"><p style=\"text-align: left;\">Inscen\u00e1cia \u201eMajster a Margar\u00e9ta\u201c nadv\u00e4zuje na naj\u00faspe\u0161nej\u0161ie tituly Teatro Tatro. Po \u201eBianke Braselli, d\u00e1me s dvoma hlavami\u201c zdedila atmosf\u00e9ru star\u00e9ho magick\u00e9ho panoptika, v ktorom je v\u0161etko mo\u017en\u00e9, a rozvinula sa do ve\u013ek\u00e9ho \u201ecirkusu Moskva\u201c. Po \u201eProrokovi Iljovi\u201c zase t\u00e9mu pribli\u017euj\u00faceho sa konca sveta.<\/p>\n<p style=\"text-align: left;\">D\u00e1 sa poveda\u0165, \u017ee \u201eMajster a Margar\u00e9ta\u201c je v istom zmysle vo\u013en\u00fdm pokra\u010dovan\u00edm a z\u00e1rove\u0148 vrcholom tejto \u201etril\u00f3gie\u201c. Vyrovna\u0165 sa kni\u017eke \u2013 kultov\u00e9mu rom\u00e1nu Bulgakova \u2013 bolo pre Teatro Tatro ve\u013ekou v\u00fdzvou a h\u013eadan\u00edm odpoved\u00ed na ot\u00e1zky.<\/p>\n<p>Ako sa diabol, ktor\u00fd sa zjavil v tridsiatych rokoch minul\u00e9ho storo\u010dia v Moskve, zmenil a nako\u013eko ovplyv\u0148uje svet s\u00fa\u010dasnosti?<\/p>\n<\/div><\/div><div class=\"wpb_text_column\" ><div class=\"wpb_wrapper\"><p>Nie je n\u00e1hodou s\u00fa\u010dasn\u00fd svet e\u0161te o nie\u010do diabolskej\u0161\u00ed ako svet porevolu\u010dnej Moskvy? A m\u00e1 e\u0161te Je\u017ei\u0161 Kristus nejak\u00fd vplyv alebo je to len idealistick\u00fd prorok, ktor\u00fd, keby sa teraz zjavil, tak by okam\u017eite skon\u010dil v bl\u00e1zinci, vo v\u00e4zen\u00ed alebo by umrel hladom? Boj\u00edme sa posledn\u00e9ho s\u00fadu? A existuje dnes e\u0161te l\u00e1ska, ktor\u00e1 je tak ve\u013ek\u00e1, \u017ee sa pred \u0148ou poklon\u00ed aj samotn\u00fd diabol? Pr\u00e1ve \u013e\u00fabostn\u00e1 l\u00ednia rom\u00e1nu je pre na\u0161u dramatiz\u00e1ciu z\u00e1sadnou. Amb\u00edciou predstavenia je posun\u00fa\u0165 \u201eoby\u010dajn\u00e9\u201c rozpr\u00e1vanie \u201eprost\u00e9ho\u201c pr\u00edbehu e\u0161te hlb\u0161ie do metaforick\u00e9ho sveta m\u00e1gie a sna. Aby sa na\u0161e \u0161apit\u00f3 pri ka\u017edom predstaven\u00ed tejto inscen\u00e1cie stalo laborat\u00f3riom, v ktorom sa h\u013eadaj\u00fa odpovede na odvek\u00e9 ot\u00e1zky tr\u00e1piace \u013eudstvo.<\/p>\n<\/div><\/div><\/div><\/div><\/div><\/div><\/div><\/section><section class=\"l-section wpb_row height_auto width_full\"><div class=\"l-section-h i-cf\"><div class=\"g-cols vc_row type_default valign_top\"><div class=\"vc_col-sm-12 wpb_column vc_column_container\"><div class=\"vc_column-inner\"><div class=\"wpb_wrapper\"><div class=\"w-grid us_custom_a4dc2183 type_masonry layout_7386 cols_3 with_isotope with_css_animation\" id=\"us_grid_1\" data-filterable=\"true\"><style id=\"us_grid_1_css\">#us_grid_1 .w-grid-item{padding:4px}#us_grid_1 .w-grid-list{margin:-4px -4px 4px}.w-grid + #us_grid_1 .w-grid-list{margin-top:4px}@media (max-width:1099px){#us_grid_1 .w-grid-item{width:50.0000%}}@media (max-width:599px){#us_grid_1 .w-grid-list{margin:0}#us_grid_1 .w-grid-item{width:100.0000%;padding:0;margin-bottom:4px}}<\/style><style>.layout_7386 .w-grid-item-h{}.layout_7386 .usg_vwrapper_1{transition-duration:0.4s;transform-origin:50% 50%;transform:scale(1) translate(0%,0%);opacity:0}.layout_7386 .w-grid-item-h:hover .usg_vwrapper_1{transform:scale(1) translate(0%,0%);opacity:1}.layout_7386 .usg_vwrapper_1{position:absolute!important;right:0!important;bottom:0!important;left:0!important;background:linear-gradient(180deg,rgba(0,0,0,0),rgba(30,30,30,0.8))!important;padding:5rem 2rem 1.5rem 2rem!important}<\/style><div class=\"w-grid-list\" >\t<article class=\"w-grid-item animate_fade animate_off_autostart post-8670 attachment type-attachment status-inherit hentry\" data-id=\"8670\" style=\"animation-delay:0s\">\r\n\t\t<div class=\"w-grid-item-h\">\r\n\t\t\t\t\t\t\t<a class=\"w-grid-item-anchor\" href=\"https:\/\/www.teatrotatro.sk\/wp-content\/uploads\/2021\/02\/plagat680x980-716x1024-1.jpg\" ref=\"magnificPopupGrid\" title=\"plagat680x980-716&#215;1024\"><\/a>\r\n\t\t\t\t\t\t<div class=\"w-post-elm post_image usg_post_image_1 stretched\"><img width=\"716\" height=\"1024\" src=\"https:\/\/www.teatrotatro.sk\/wp-content\/uploads\/2021\/02\/plagat680x980-716x1024-1.jpg\" class=\"attachment-large size-large\" alt=\"\" loading=\"lazy\" srcset=\"https:\/\/www.teatrotatro.sk\/wp-content\/uploads\/2021\/02\/plagat680x980-716x1024-1.jpg 716w, https:\/\/www.teatrotatro.sk\/wp-content\/uploads\/2021\/02\/plagat680x980-716x1024-1-210x300.jpg 210w\" sizes=\"(max-width: 716px) 100vw, 716px\" \/><\/div><div class=\"w-vwrapper usg_vwrapper_1 align_left valign_top\"><\/div>\t\t<\/div>\r\n\t<\/article>\r\n\t<article class=\"w-grid-item animate_fade animate_off_autostart post-8669 attachment type-attachment status-inherit hentry\" data-id=\"8669\" style=\"animation-delay:0.1s\">\r\n\t\t<div class=\"w-grid-item-h\">\r\n\t\t\t\t\t\t\t<a class=\"w-grid-item-anchor\" href=\"https:\/\/www.teatrotatro.sk\/wp-content\/uploads\/2021\/02\/MaM36-1024x600-1.jpg\" ref=\"magnificPopupGrid\" title=\"\u00a9 Foto: Ren\u00e9 Miko\"><\/a>\r\n\t\t\t\t\t\t<div class=\"w-post-elm post_image usg_post_image_1 stretched\"><img width=\"1024\" height=\"600\" src=\"https:\/\/www.teatrotatro.sk\/wp-content\/uploads\/2021\/02\/MaM36-1024x600-1.jpg\" class=\"attachment-large size-large\" alt=\"\" loading=\"lazy\" srcset=\"https:\/\/www.teatrotatro.sk\/wp-content\/uploads\/2021\/02\/MaM36-1024x600-1.jpg 1024w, https:\/\/www.teatrotatro.sk\/wp-content\/uploads\/2021\/02\/MaM36-1024x600-1-300x176.jpg 300w\" sizes=\"(max-width: 1024px) 100vw, 1024px\" \/><\/div><div class=\"w-vwrapper usg_vwrapper_1 align_left valign_top\"><\/div>\t\t<\/div>\r\n\t<\/article>\r\n<\/div><div class=\"w-grid-preloader\"><div class=\"g-preloader type_1\">\r\n\t<div><\/div>\r\n<\/div>\r\n<\/div>\t<div class=\"w-grid-json hidden\" onclick='return {&quot;action&quot;:&quot;us_ajax_grid&quot;,&quot;ajax_url&quot;:&quot;https:\\\/\\\/www.teatrotatro.sk\\\/wp-admin\\\/admin-ajax.php&quot;,&quot;infinite_scroll&quot;:0,&quot;max_num_pages&quot;:1,&quot;pagination&quot;:&quot;infinite&quot;,&quot;permalink_url&quot;:&quot;https:\\\/\\\/www.teatrotatro.sk\\\/en\\\/wp-json\\\/wp\\\/v2\\\/pages\\\/8880\\\/&quot;,&quot;template_vars&quot;:{&quot;columns&quot;:&quot;3&quot;,&quot;exclude_items&quot;:&quot;none&quot;,&quot;img_size&quot;:&quot;default&quot;,&quot;ignore_items_size&quot;:false,&quot;items_layout&quot;:&quot;7386&quot;,&quot;items_offset&quot;:&quot;1&quot;,&quot;load_animation&quot;:&quot;fade&quot;,&quot;overriding_link&quot;:&quot;popup_post_image&quot;,&quot;post_id&quot;:8880,&quot;query_args&quot;:{&quot;post_type&quot;:[&quot;attachment&quot;],&quot;post__in&quot;:[&quot;6332&quot;,&quot;6333&quot;,&quot;6334&quot;,&quot;6330&quot;,&quot;6340&quot;,&quot;6337&quot;,&quot;6336&quot;,&quot;6335&quot;,&quot;6329&quot;,&quot;6339&quot;,&quot;6350&quot;,&quot;6348&quot;],&quot;post_status&quot;:&quot;inherit&quot;,&quot;post_mime_type&quot;:&quot;image&quot;,&quot;posts_per_page&quot;:999},&quot;orderby_query_args&quot;:{&quot;orderby&quot;:{&quot;date&quot;:&quot;DESC&quot;}},&quot;type&quot;:&quot;masonry&quot;,&quot;us_grid_ajax_index&quot;:1,&quot;us_grid_filter_params&quot;:null,&quot;us_grid_index&quot;:1,&quot;_us_grid_post_type&quot;:&quot;attachment&quot;,&quot;lang&quot;:&quot;en&quot;}}'><\/div>\r\n\t<\/div><\/div><\/div><\/div><\/div><\/div><\/section><section class=\"l-section wpb_row height_auto width_full with_img\"><div class=\"l-section-img\" style=\"background-image: url(https:\/\/www.teatrotatro.sk\/wp-content\/uploads\/2021\/02\/MaM36-1024x600-1.jpg);\" data-img-width=\"1024\" data-img-height=\"600\"><\/div><div class=\"l-section-h i-cf\"><div class=\"g-cols vc_row type_boxes valign_middle\"><div class=\"vc_col-sm-12 wpb_column vc_column_container has_text_color\"><div class=\"vc_column-inner us_custom_6df4bc3a\"><div class=\"wpb_wrapper\"><\/div><\/div><\/div><\/div><\/div><\/section>\n","protected":false},"excerpt":{"rendered":"","protected":false},"author":1,"featured_media":0,"parent":0,"menu_order":2,"comment_status":"closed","ping_status":"closed","template":"","meta":{"_monsterinsights_skip_tracking":false,"_monsterinsights_sitenote_active":false,"_monsterinsights_sitenote_note":"","_monsterinsights_sitenote_category":0},"_links":{"self":[{"href":"https:\/\/www.teatrotatro.sk\/en\/wp-json\/wp\/v2\/pages\/8880"}],"collection":[{"href":"https:\/\/www.teatrotatro.sk\/en\/wp-json\/wp\/v2\/pages"}],"about":[{"href":"https:\/\/www.teatrotatro.sk\/en\/wp-json\/wp\/v2\/types\/page"}],"author":[{"embeddable":true,"href":"https:\/\/www.teatrotatro.sk\/en\/wp-json\/wp\/v2\/users\/1"}],"replies":[{"embeddable":true,"href":"https:\/\/www.teatrotatro.sk\/en\/wp-json\/wp\/v2\/comments?post=8880"}],"version-history":[{"count":6,"href":"https:\/\/www.teatrotatro.sk\/en\/wp-json\/wp\/v2\/pages\/8880\/revisions"}],"predecessor-version":[{"id":8886,"href":"https:\/\/www.teatrotatro.sk\/en\/wp-json\/wp\/v2\/pages\/8880\/revisions\/8886"}],"wp:attachment":[{"href":"https:\/\/www.teatrotatro.sk\/en\/wp-json\/wp\/v2\/media?parent=8880"}],"curies":[{"name":"wp","href":"https:\/\/api.w.org\/{rel}","templated":true}]}}